{"id":13,"date":"2023-05-22T16:34:50","date_gmt":"2023-05-22T19:34:50","guid":{"rendered":"https:\/\/zhalinger.com.br\/?page_id=13"},"modified":"2023-07-05T23:05:46","modified_gmt":"2023-07-06T02:05:46","slug":"linha-pet","status":"publish","type":"page","link":"https:\/\/zhalinger.com.br\/?page_id=13","title":{"rendered":"Linha Pet"},"content":{"rendered":"<div class=\"wp-block-image\">\n<figure class=\"aligncenter size-large is-resized\"><img loading=\"lazy\" decoding=\"async\" src=\"https:\/\/zhalinger.com.br\/wp-content\/uploads\/2023\/07\/Logotipo_Pettech-1024x498.png\" alt=\"\" class=\"wp-image-100\" width=\"208\" height=\"101\" srcset=\"https:\/\/zhalinger.com.br\/wp-content\/uploads\/2023\/07\/Logotipo_Pettech-1024x498.png 1024w, https:\/\/zhalinger.com.br\/wp-content\/uploads\/2023\/07\/Logotipo_Pettech-300x146.png 300w, https:\/\/zhalinger.com.br\/wp-content\/uploads\/2023\/07\/Logotipo_Pettech-768x373.png 768w, https:\/\/zhalinger.com.br\/wp-content\/uploads\/2023\/07\/Logotipo_Pettech-1536x747.png 1536w, https:\/\/zhalinger.com.br\/wp-content\/uploads\/2023\/07\/Logotipo_Pettech-2048x996.png 2048w, https:\/\/zhalinger.com.br\/wp-content\/uploads\/2023\/07\/Logotipo_Pettech-2000x972.png 2000w\" sizes=\"(max-width: 208px) 100vw, 208px\" \/><\/figure><\/div>\n\n\n<p><\/p>\n\n\n\n<p><\/p>\n\n\n\n<p><mark style=\"background-color:rgba(0, 0, 0, 0);color:#075b8b\" class=\"has-inline-color\">A Comercial Zhalinger tamb\u00e9m tem uma linha de produtos para o mercado Pet.\u00a0<br>O n\u00famero de animais de estima\u00e7\u00e3o mostra porque o mercado est\u00e1 t\u00e3o aquecido. De acordo com o Instituto Brasileiro de Geografia e Estat\u00edstica (IBGE), existem 50 milh\u00f5es de c\u00e3es e 22 milh\u00f5es de gatos no pa\u00eds.\u00a0<br>Hoje essa &#8220;turminha pet&#8221; faz parte da fam\u00edlia e temos que ter o mesmo cuidados com eles e com os humanos.<\/mark><\/p>\n\n\n\n<hr class=\"wp-block-separator has-alpha-channel-opacity\"\/>\n\n\n\n<div class=\"wp-block-media-text alignwide is-stacked-on-mobile\" style=\"grid-template-columns:27% auto\"><figure class=\"wp-block-media-text__media\"><img loading=\"lazy\" decoding=\"async\" width=\"291\" height=\"344\" src=\"https:\/\/zhalinger.com.br\/wp-content\/uploads\/2023\/07\/1472.png\" alt=\"\" class=\"wp-image-102 size-full\" srcset=\"https:\/\/zhalinger.com.br\/wp-content\/uploads\/2023\/07\/1472.png 291w, https:\/\/zhalinger.com.br\/wp-content\/uploads\/2023\/07\/1472-254x300.png 254w\" sizes=\"(max-width: 291px) 100vw, 291px\" \/><\/figure><div class=\"wp-block-media-text__content\">\n<p><strong><mark style=\"background-color:rgba(0, 0, 0, 0);color:#035584\" class=\"has-inline-color\">PENTE PET TECH &#8211; REF. 1472<\/mark><\/strong><br><br><mark style=\"background-color:rgba(0, 0, 0, 0);color:#003655\" class=\"has-inline-color\">Pente Ergon\u00f4mico. Fabricado em a\u00e7o inox com cabo ergon\u00f4mico, o que proporciona mais firmeza na empunhadura e precis\u00e3o no pentear. <\/mark><\/p>\n\n\n\n<p><mark style=\"background-color:rgba(0, 0, 0, 0);color:#03476f\" class=\"has-inline-color\">Apresenta agulhas com pontas arredondadas com duplo escalonamento de posi\u00e7\u00e3o permitindo uso em diferentes tipos de pelo.<br><\/mark><br><mark style=\"background-color:rgba(0, 0, 0, 0)\" class=\"has-inline-color has-vivid-cyan-blue-color\">Composi\u00e7\u00e3o: A\u00e7o Inox, Alum\u00ednio e Solda Baixa Fus\u00e3o.<br>Caixa Master:  72 unidades  \u2022 EAN 7898421993598<\/mark><\/p>\n<\/div><\/div>\n\n\n\n<hr class=\"wp-block-separator alignwide has-alpha-channel-opacity is-style-wide\"\/>\n\n\n\n<div class=\"wp-block-media-text alignwide is-stacked-on-mobile\" style=\"grid-template-columns:32% auto\"><figure class=\"wp-block-media-text__media\"><img loading=\"lazy\" decoding=\"async\" width=\"291\" height=\"312\" src=\"https:\/\/zhalinger.com.br\/wp-content\/uploads\/2023\/07\/1475.png\" alt=\"\" class=\"wp-image-103 size-full\" srcset=\"https:\/\/zhalinger.com.br\/wp-content\/uploads\/2023\/07\/1475.png 291w, https:\/\/zhalinger.com.br\/wp-content\/uploads\/2023\/07\/1475-280x300.png 280w\" sizes=\"(max-width: 291px) 100vw, 291px\" \/><\/figure><div class=\"wp-block-media-text__content\">\n<p><mark style=\"font-weight: bold; background-color: rgba(0, 0, 0, 0); color: rgb(3, 85, 132);\" class=\"has-inline-color\">PENTE E TESOURA PET TECH &#8211; REF. 1475<\/mark><br><mark style=\"background-color:rgba(0, 0, 0, 0);color:#003a5b\" class=\"has-inline-color\">Kit Tesoura de Acabamento e Pente Ergon\u00f4mico<\/mark><br><br><mark style=\"background-color:rgba(0, 0, 0, 0);color:#054d76\" class=\"has-inline-color\">1) 1 Tesoura 6,5&#8243; leve em a\u00e7o inox com ponta protegida o que evita acidentes com o Pet e permite maior velocidade de trabalho. Para pelos finos e corte em \u00e1reas sens\u00edveis como orelha e rosto.<br>2) 1 Pente todo em a\u00e7o inox com cabo ergon\u00f4mico, o que proporciona mais firmeza na empunhadura. Agulhas com pontas arredondadas e duploescalonamento de posi\u00e7\u00e3o permitindo uso em diferentes tipos de pelo.<\/mark><\/p>\n\n\n\n<p><mark style=\"background-color:rgba(0, 0, 0, 0)\" class=\"has-inline-color has-vivid-cyan-blue-color\">Composi\u00e7\u00e3o: <br>Pente: A\u00e7o Inox, Alum\u00ednio e Solda Baixa Fus\u00e3o<br>Tesoura: A\u00e7o Inox e Pl\u00e1stico<br>Caixa Master:  48 unidades  \u2022 EAN 7898421993628<\/mark><\/p>\n<\/div><\/div>\n\n\n\n<hr class=\"wp-block-separator has-alpha-channel-opacity is-style-wide\"\/>\n\n\n\n<div class=\"wp-block-media-text alignwide is-stacked-on-mobile\" style=\"grid-template-columns:39% auto\"><figure class=\"wp-block-media-text__media\"><img loading=\"lazy\" decoding=\"async\" width=\"380\" height=\"336\" src=\"https:\/\/zhalinger.com.br\/wp-content\/uploads\/2023\/07\/2001.png\" alt=\"\" class=\"wp-image-104 size-full\" srcset=\"https:\/\/zhalinger.com.br\/wp-content\/uploads\/2023\/07\/2001.png 380w, https:\/\/zhalinger.com.br\/wp-content\/uploads\/2023\/07\/2001-300x265.png 300w\" sizes=\"(max-width: 380px) 100vw, 380px\" \/><\/figure><div class=\"wp-block-media-text__content\">\n<p><mark style=\"font-weight: bold; background-color: rgba(0, 0, 0, 0); color: rgb(3, 85, 132);\" class=\"has-inline-color\">TOALHA DESCART\u00c1VEL COMPACTA MULTIUSO PET TECH &#8211; REF. 2001<\/mark><br><mark style=\"background-color:rgba(0, 0, 0, 0);color:#003a5b\" class=\"has-inline-color\">Cont\u00e9m 40 unidades de 22x24cm (aberta) <\/mark><\/p>\n\n\n\n<p>Ideal para limpeza em geral, especialmente ao redor dos olhos, boca e focinho dos pets.<br>As toalhas multiuso Pet-Tech tem a garantia de qualidade Zhalinger e s\u00e3o decomposi\u00e7\u00e3o de 100%, feitas em tabletes compactos, protegidos individualmente.<br>Para utilizar \u00e9 s\u00f3 colocar na \u00e1gua fria ou quente de acordo com a sua necessidade. Aguarde crescer e depois de desenrole. Descarte ap\u00f3s a utiliza\u00e7\u00e3o.<\/p>\n\n\n\n<p><mark style=\"background-color:rgba(0, 0, 0, 0)\" class=\"has-inline-color has-vivid-cyan-blue-color\">Composi\u00e7\u00e3o: 100% Viscose<br>Caixa Master:  72 unidades  \u2022 EAN 7898421993642<\/mark><\/p>\n<\/div><\/div>\n\n\n\n<hr class=\"wp-block-separator has-alpha-channel-opacity is-style-dots\"\/>\n","protected":false},"excerpt":{"rendered":"<p>A Comercial Zhalinger tamb\u00e9m tem uma linha de produtos para o mercado Pet.\u00a0O n\u00famero de animais de estima\u00e7\u00e3o mostra porque o mercado est\u00e1 t\u00e3o aquecido. De acordo com o Instituto Brasileiro de Geografia e Estat\u00edstica (IBGE), existem 50 milh\u00f5es de c\u00e3es e 22 milh\u00f5es de gatos no pa\u00eds.\u00a0Hoje essa &#8220;turminha pet&#8221; faz parte da fam\u00edlia &hellip; <\/p>\n<p class=\"link-more\"><a href=\"https:\/\/zhalinger.com.br\/?page_id=13\" class=\"more-link\">Read more<span class=\"screen-reader-text\"> &#8220;Linha Pet&#8221;<\/span><\/a><\/p>\n","protected":false},"author":1,"featured_media":0,"parent":0,"menu_order":0,"comment_status":"closed","ping_status":"closed","template":"","meta":{"footnotes":""},"_links":{"self":[{"href":"https:\/\/zhalinger.com.br\/index.php?rest_route=\/wp\/v2\/pages\/13"}],"collection":[{"href":"https:\/\/zhalinger.com.br\/index.php?rest_route=\/wp\/v2\/pages"}],"about":[{"href":"https:\/\/zhalinger.com.br\/index.php?rest_route=\/wp\/v2\/types\/page"}],"author":[{"embeddable":true,"href":"https:\/\/zhalinger.com.br\/index.php?rest_route=\/wp\/v2\/users\/1"}],"replies":[{"embeddable":true,"href":"https:\/\/zhalinger.com.br\/index.php?rest_route=%2Fwp%2Fv2%2Fcomments&post=13"}],"version-history":[{"count":5,"href":"https:\/\/zhalinger.com.br\/index.php?rest_route=\/wp\/v2\/pages\/13\/revisions"}],"predecessor-version":[{"id":109,"href":"https:\/\/zhalinger.com.br\/index.php?rest_route=\/wp\/v2\/pages\/13\/revisions\/109"}],"wp:attachment":[{"href":"https:\/\/zhalinger.com.br\/index.php?rest_route=%2Fwp%2Fv2%2Fmedia&parent=13"}],"curies":[{"name":"wp","href":"https:\/\/api.w.org\/{rel}","templated":true}]}}