{"id":15,"date":"2023-05-22T16:34:50","date_gmt":"2023-05-22T19:34:50","guid":{"rendered":"https:\/\/zhalinger.com.br\/?page_id=15"},"modified":"2023-07-09T10:31:37","modified_gmt":"2023-07-09T13:31:37","slug":"home","status":"publish","type":"page","link":"https:\/\/zhalinger.com.br\/","title":{"rendered":"HOME"},"content":{"rendered":"\n<div style=\"height:55px\" aria-hidden=\"true\" class=\"wp-block-spacer\"><\/div>\n\n\n\n<div class=\"wp-block-group alignfull has-background\" style=\"background-color:#e5e9ec\"><div class=\"wp-block-group__inner-container is-layout-flow wp-block-group-is-layout-flow\">\n<div class=\"wp-block-columns is-layout-flex wp-container-core-columns-is-layout-1 wp-block-columns-is-layout-flex\">\n<div class=\"wp-block-column is-vertically-aligned-center is-layout-flow wp-block-column-is-layout-flow\">\n<h3 class=\"wp-block-heading has-medium-font-size\" style=\"letter-spacing:1px\">SOBRE N\u00d3S<\/h3>\n\n\n\n<p>Somos uma empresa 100% nacional, produzindo uma linha de Produtos de Higiene Pessoal e de Trato Animal, sem similar no Brasil. Nossos produtos n\u00e3o s\u00f3 completam as linhas nacionais j\u00e1 existentes, com tamb\u00e9m substituem, com \u00f3timo custo-benef\u00edcio.<\/p>\n\n\n\n<div class=\"wp-block-buttons is-horizontal is-content-justification-left is-layout-flex wp-container-core-buttons-is-layout-1 wp-block-buttons-is-layout-flex\">\n<div class=\"wp-block-button has-custom-font-size is-style-outline has-small-font-size\"><a class=\"wp-block-button__link wp-element-button\" href=\"#\" style=\"border-radius:0px\"><strong>saiba mais<\/strong><\/a><\/div>\n<\/div>\n<\/div>\n\n\n\n<div class=\"wp-block-column is-layout-flow wp-block-column-is-layout-flow\">\n<div style=\"height:48px\" aria-hidden=\"true\" class=\"wp-block-spacer\"><\/div>\n\n\n\n<figure class=\"wp-block-gallery has-nested-images columns-default is-cropped wp-block-gallery-1 is-layout-flex wp-block-gallery-is-layout-flex\">\n<figure class=\"wp-block-image size-large is-style-default\"><img loading=\"lazy\" decoding=\"async\" width=\"696\" height=\"464\" src=\"https:\/\/zhalinger.com.br\/wp-content\/uploads\/2023\/05\/shutterstock_1237494658-1-696x464-1.jpg\" alt=\"\" class=\"wp-image-42\" srcset=\"https:\/\/zhalinger.com.br\/wp-content\/uploads\/2023\/05\/shutterstock_1237494658-1-696x464-1.jpg 696w, https:\/\/zhalinger.com.br\/wp-content\/uploads\/2023\/05\/shutterstock_1237494658-1-696x464-1-300x200.jpg 300w\" sizes=\"(max-width: 696px) 100vw, 696px\" \/><\/figure>\n<\/figure>\n<\/div>\n<\/div>\n<\/div><\/div>\n\n\n\n<div class=\"wp-block-group alignfull\"><div class=\"wp-block-group__inner-container is-layout-flow wp-block-group-is-layout-flow\">\n<div class=\"wp-block-columns are-vertically-aligned-center is-layout-flex wp-container-core-columns-is-layout-2 wp-block-columns-is-layout-flex\">\n<div class=\"wp-block-column is-vertically-aligned-center is-layout-flow wp-block-column-is-layout-flow\">\n<div style=\"height:48px\" aria-hidden=\"true\" class=\"wp-block-spacer\"><\/div>\n\n\n\n<figure class=\"wp-block-image size-large\"><img loading=\"lazy\" decoding=\"async\" width=\"1024\" height=\"615\" src=\"https:\/\/zhalinger.com.br\/wp-content\/uploads\/2023\/07\/LINHA-FARMA_CZH_b-1024x615.jpg\" alt=\"\" class=\"wp-image-133\" srcset=\"https:\/\/zhalinger.com.br\/wp-content\/uploads\/2023\/07\/LINHA-FARMA_CZH_b-1024x615.jpg 1024w, https:\/\/zhalinger.com.br\/wp-content\/uploads\/2023\/07\/LINHA-FARMA_CZH_b-300x180.jpg 300w, https:\/\/zhalinger.com.br\/wp-content\/uploads\/2023\/07\/LINHA-FARMA_CZH_b-768x461.jpg 768w, https:\/\/zhalinger.com.br\/wp-content\/uploads\/2023\/07\/LINHA-FARMA_CZH_b-1536x922.jpg 1536w, https:\/\/zhalinger.com.br\/wp-content\/uploads\/2023\/07\/LINHA-FARMA_CZH_b.jpg 2001w\" sizes=\"(max-width: 1024px) 100vw, 1024px\" \/><\/figure>\n<\/div>\n\n\n\n<div class=\"wp-block-column is-vertically-aligned-center is-layout-flow wp-block-column-is-layout-flow\">\n<h3 class=\"wp-block-heading has-medium-font-size\" style=\"letter-spacing:1px\">LINHA FARMA <\/h3>\n\n\n\n<p>Descri\u00e7\u00e3o dos produtos da linha farma. <\/p>\n\n\n\n<div class=\"wp-block-buttons is-layout-flex wp-block-buttons-is-layout-flex\">\n<div class=\"wp-block-button has-custom-font-size is-style-outline has-small-font-size\"><a class=\"wp-block-button__link wp-element-button\" href=\"https:\/\/zhalinger.com.br\/?page_id=66\" style=\"border-radius:0px\"><strong>saiba mais<\/strong><\/a><\/div>\n<\/div>\n<\/div>\n<\/div>\n<\/div><\/div>\n\n\n\n<div class=\"wp-block-group alignfull has-background\" style=\"background-color:#e5e9ec\"><div class=\"wp-block-group__inner-container is-layout-flow wp-block-group-is-layout-flow\">\n<div class=\"wp-block-columns is-layout-flex wp-container-core-columns-is-layout-3 wp-block-columns-is-layout-flex\">\n<div class=\"wp-block-column is-vertically-aligned-center is-layout-flow wp-block-column-is-layout-flow\">\n<h3 class=\"wp-block-heading has-medium-font-size\" style=\"letter-spacing:1px\">LINHA PET<\/h3>\n\n\n\n<p>A linha PET TECH foi desenvolvida para cuidado dos p\u00ealos e higiene nos pets.<\/p>\n\n\n\n<div class=\"wp-block-buttons is-horizontal is-content-justification-left is-layout-flex wp-container-core-buttons-is-layout-3 wp-block-buttons-is-layout-flex\">\n<div class=\"wp-block-button has-custom-font-size is-style-outline has-small-font-size\"><a class=\"wp-block-button__link wp-element-button\" href=\"https:\/\/zhalinger.com.br\/?page_id=13\" style=\"border-radius:0px\"><strong>saiba mais<\/strong><\/a><\/div>\n<\/div>\n\n\n\n<p><\/p>\n<\/div>\n\n\n\n<div class=\"wp-block-column is-layout-flow wp-block-column-is-layout-flow\">\n<div style=\"height:48px\" aria-hidden=\"true\" class=\"wp-block-spacer\"><\/div>\n\n\n\n<figure class=\"wp-block-image size-large\"><img loading=\"lazy\" decoding=\"async\" width=\"1024\" height=\"614\" src=\"https:\/\/zhalinger.com.br\/wp-content\/uploads\/2023\/05\/LINHA-PET_CZH-1024x614.jpg\" alt=\"\" class=\"wp-image-56\" srcset=\"https:\/\/zhalinger.com.br\/wp-content\/uploads\/2023\/05\/LINHA-PET_CZH-1024x614.jpg 1024w, https:\/\/zhalinger.com.br\/wp-content\/uploads\/2023\/05\/LINHA-PET_CZH-300x180.jpg 300w, https:\/\/zhalinger.com.br\/wp-content\/uploads\/2023\/05\/LINHA-PET_CZH-768x461.jpg 768w, https:\/\/zhalinger.com.br\/wp-content\/uploads\/2023\/05\/LINHA-PET_CZH-1536x922.jpg 1536w, https:\/\/zhalinger.com.br\/wp-content\/uploads\/2023\/05\/LINHA-PET_CZH.jpg 2000w\" sizes=\"(max-width: 1024px) 100vw, 1024px\" \/><\/figure>\n<\/div>\n<\/div>\n<\/div><\/div>\n","protected":false},"excerpt":{"rendered":"<p>SOBRE N\u00d3S Somos uma empresa 100% nacional, produzindo uma linha de Produtos de Higiene Pessoal e de Trato Animal, sem similar no Brasil. Nossos produtos n\u00e3o s\u00f3 completam as linhas nacionais j\u00e1 existentes, com tamb\u00e9m substituem, com \u00f3timo custo-benef\u00edcio. LINHA FARMA Descri\u00e7\u00e3o dos produtos da linha farma. LINHA PET A linha PET TECH foi desenvolvida &hellip; <\/p>\n<p class=\"link-more\"><a href=\"https:\/\/zhalinger.com.br\/\" class=\"more-link\">Read more<span class=\"screen-reader-text\"> &#8220;HOME&#8221;<\/span><\/a><\/p>\n","protected":false},"author":1,"featured_media":0,"parent":0,"menu_order":0,"comment_status":"closed","ping_status":"closed","template":"","meta":{"footnotes":""},"_links":{"self":[{"href":"https:\/\/zhalinger.com.br\/index.php?rest_route=\/wp\/v2\/pages\/15"}],"collection":[{"href":"https:\/\/zhalinger.com.br\/index.php?rest_route=\/wp\/v2\/pages"}],"about":[{"href":"https:\/\/zhalinger.com.br\/index.php?rest_route=\/wp\/v2\/types\/page"}],"author":[{"embeddable":true,"href":"https:\/\/zhalinger.com.br\/index.php?rest_route=\/wp\/v2\/users\/1"}],"replies":[{"embeddable":true,"href":"https:\/\/zhalinger.com.br\/index.php?rest_route=%2Fwp%2Fv2%2Fcomments&post=15"}],"version-history":[{"count":12,"href":"https:\/\/zhalinger.com.br\/index.php?rest_route=\/wp\/v2\/pages\/15\/revisions"}],"predecessor-version":[{"id":134,"href":"https:\/\/zhalinger.com.br\/index.php?rest_route=\/wp\/v2\/pages\/15\/revisions\/134"}],"wp:attachment":[{"href":"https:\/\/zhalinger.com.br\/index.php?rest_route=%2Fwp%2Fv2%2Fmedia&parent=15"}],"curies":[{"name":"wp","href":"https:\/\/api.w.org\/{rel}","templated":true}]}}