{"id":66,"date":"2023-07-05T17:23:24","date_gmt":"2023-07-05T20:23:24","guid":{"rendered":"https:\/\/zhalinger.com.br\/?page_id=66"},"modified":"2023-07-09T10:32:37","modified_gmt":"2023-07-09T13:32:37","slug":"66-2","status":"publish","type":"page","link":"https:\/\/zhalinger.com.br\/?page_id=66","title":{"rendered":"Linha Farma"},"content":{"rendered":"\n<p><\/p>\n\n\n<div class=\"wp-block-image\">\n<figure class=\"aligncenter size-full is-resized\"><img loading=\"lazy\" decoding=\"async\" src=\"https:\/\/zhalinger.com.br\/wp-content\/uploads\/2023\/07\/AF_LinhaFarma_Zhalinger-1.png\" alt=\"\" class=\"wp-image-74\" width=\"339\" height=\"194\" srcset=\"https:\/\/zhalinger.com.br\/wp-content\/uploads\/2023\/07\/AF_LinhaFarma_Zhalinger-1.png 389w, https:\/\/zhalinger.com.br\/wp-content\/uploads\/2023\/07\/AF_LinhaFarma_Zhalinger-1-300x172.png 300w\" sizes=\"(max-width: 339px) 100vw, 339px\" \/><\/figure><\/div>\n\n\n<p>Produtos produzidos em a\u00e7o inox, sem similar nacional. <br>Esse tipo de pente \u00e9 muito utilizado em pa\u00edses europeus, pois completa o uso de rem\u00e9dios, os quais matam piolhos, mas n\u00e3o as l\u00eandeas. Os seus similares pl\u00e1sticos, apesar do custo mais baixo, n\u00e3o apresentam efici\u00eancia, pois s\u00e3o muito flex\u00edveis (moles) e n\u00e3o eliminam as l\u00eandeas por completo, deixando passar entre seus dentes.<\/p>\n\n\n\n<p>J\u00e1 o pente em a\u00e7o inox \u00e9 o \u00fanico 100% eficiente, de acordo com os estudos de v\u00e1rias universidades de renome, entre elas a de Nebraska &#8211; USA. <\/p>\n\n\n\n<div class=\"wp-block-media-text alignwide is-stacked-on-mobile is-vertically-aligned-top\" style=\"grid-template-columns:28% auto\"><figure class=\"wp-block-media-text__media\"><img loading=\"lazy\" decoding=\"async\" width=\"291\" height=\"317\" src=\"https:\/\/zhalinger.com.br\/wp-content\/uploads\/2023\/07\/0149.png\" alt=\"\" class=\"wp-image-77 size-full\" srcset=\"https:\/\/zhalinger.com.br\/wp-content\/uploads\/2023\/07\/0149.png 291w, https:\/\/zhalinger.com.br\/wp-content\/uploads\/2023\/07\/0149-275x300.png 275w\" sizes=\"(max-width: 291px) 100vw, 291px\" \/><\/figure><div class=\"wp-block-media-text__content\">\n<p><strong><mark style=\"background-color:rgba(0, 0, 0, 0);color:#015587\" class=\"has-inline-color\">PENTE ZHALINGER BLISTER\/CART\u00c3O &#8211; REF. 0149<\/mark><\/strong><\/p>\n\n\n\n<p><mark style=\"background-color:rgba(0, 0, 0, 0);color:#042395\" class=\"has-inline-color\">Pente Extrator de Piolhos e L\u00eandeas Zhalinger<\/mark><\/p>\n\n\n\n<p><mark style=\"background-color:rgba(0, 0, 0, 0);color:#001568\" class=\"has-inline-color\">Caixa Master com 144 unidades &#8211; EAN 17898421992581<br>Pedido m\u00ednimo distribuidor: 144 unidades<\/mark><\/p>\n<\/div><\/div>\n\n\n\n<hr class=\"wp-block-separator has-alpha-channel-opacity is-style-wide\"\/>\n\n\n\n<div class=\"wp-block-media-text alignwide is-stacked-on-mobile is-vertically-aligned-top\" style=\"grid-template-columns:28% auto\"><figure class=\"wp-block-media-text__media\"><img loading=\"lazy\" decoding=\"async\" width=\"302\" height=\"352\" src=\"https:\/\/zhalinger.com.br\/wp-content\/uploads\/2023\/07\/0149_blister.png\" alt=\"\" class=\"wp-image-78 size-full\" srcset=\"https:\/\/zhalinger.com.br\/wp-content\/uploads\/2023\/07\/0149_blister.png 302w, https:\/\/zhalinger.com.br\/wp-content\/uploads\/2023\/07\/0149_blister-257x300.png 257w\" sizes=\"(max-width: 302px) 100vw, 302px\" \/><\/figure><div class=\"wp-block-media-text__content\">\n<p><strong><mark style=\"background-color:rgba(0, 0, 0, 0);color:#015587\" class=\"has-inline-color\">PENTE ZHALINGER BLISTER &#8211; REF. 0149<\/mark><br><\/strong><br><mark style=\"background-color:rgba(0, 0, 0, 0);color:#004f7c\" class=\"has-inline-color\">Pente Extrator de Piolhos de L\u00eandeas Zhalingher<\/mark><\/p>\n\n\n\n<p><mark style=\"background-color:rgba(0, 0, 0, 0);color:#001568\" class=\"has-inline-color\">Caixa Master com 144 unidades &#8211; EAN 17898421992581<br>Pedido m\u00ednimo distribuidor: 144 unidades<\/mark><\/p>\n<\/div><\/div>\n\n\n\n<hr class=\"wp-block-separator has-alpha-channel-opacity is-style-wide\"\/>\n\n\n\n<div class=\"wp-block-media-text alignwide is-stacked-on-mobile is-vertically-aligned-top\" style=\"grid-template-columns:28% auto\"><figure class=\"wp-block-media-text__media\"><img loading=\"lazy\" decoding=\"async\" width=\"291\" height=\"291\" src=\"https:\/\/zhalinger.com.br\/wp-content\/uploads\/2023\/07\/0148_blister.png\" alt=\"\" class=\"wp-image-79 size-full\" srcset=\"https:\/\/zhalinger.com.br\/wp-content\/uploads\/2023\/07\/0148_blister.png 291w, https:\/\/zhalinger.com.br\/wp-content\/uploads\/2023\/07\/0148_blister-150x150.png 150w\" sizes=\"(max-width: 291px) 100vw, 291px\" \/><\/figure><div class=\"wp-block-media-text__content\">\n<p><strong><mark style=\"background-color:rgba(0, 0, 0, 0);color:#015587\" class=\"has-inline-color\">PENTE PIO-LIMP BLISTER &#8211; REF. 0148<\/mark><br><\/strong><br><mark style=\"background-color:rgba(0, 0, 0, 0);color:#004f7c\" class=\"has-inline-color\">Pente Extrator de Piolhos de L\u00eandeas Pio-Limp<\/mark><\/p>\n\n\n\n<p><mark style=\"background-color:rgba(0, 0, 0, 0);color:#001568\" class=\"has-inline-color\">Caixa Master com 120 unidades &#8211; EAN <\/mark><mark style=\"background-color:rgba(0, 0, 0, 0);color:#034870\" class=\"has-inline-color\">7898421990061<\/mark><mark style=\"background-color:rgba(0, 0, 0, 0);color:#001568\" class=\"has-inline-color\"><br>Pedido m\u00ednimo distribuidor: 120 unidades<\/mark><\/p>\n<\/div><\/div>\n\n\n\n<hr class=\"wp-block-separator has-alpha-channel-opacity is-style-wide\"\/>\n\n\n\n<div class=\"wp-block-media-text alignwide is-stacked-on-mobile is-vertically-aligned-top\" style=\"grid-template-columns:28% auto\"><figure class=\"wp-block-media-text__media\"><img loading=\"lazy\" decoding=\"async\" width=\"291\" height=\"294\" src=\"https:\/\/zhalinger.com.br\/wp-content\/uploads\/2023\/07\/01470.png\" alt=\"\" class=\"wp-image-82 size-full\"\/><\/figure><div class=\"wp-block-media-text__content\">\n<p><strong><mark style=\"background-color:rgba(0, 0, 0, 0);color:#015587\" class=\"has-inline-color\">PENTE PLUS BLISTER\/CART\u00c3O &#8211; REF. 01470<\/mark><br><\/strong><br><mark style=\"background-color:rgba(0, 0, 0, 0);color:#004f7c\" class=\"has-inline-color\">Pente Extrator de Piolhos de L\u00eandeas Pio-Limp<\/mark> <mark style=\"background-color:rgba(0, 0, 0, 0);color:#0d4180\" class=\"has-inline-color\">Plus<\/mark><\/p>\n\n\n\n<p><mark style=\"background-color:rgba(0, 0, 0, 0);color:#001568\" class=\"has-inline-color\">Caixa Master com 120 unidades &#8211; EAN <\/mark><mark style=\"background-color:rgba(0, 0, 0, 0);color:#034870\" class=\"has-inline-color\">7898421993574<\/mark><mark style=\"background-color:rgba(0, 0, 0, 0);color:#001568\" class=\"has-inline-color\"><br>Pedido m\u00ednimo distribuidor: 120 unidades<\/mark><\/p>\n<\/div><\/div>\n\n\n\n<hr class=\"wp-block-separator has-alpha-channel-opacity is-style-wide\"\/>\n\n\n\n<div class=\"wp-block-media-text alignwide is-stacked-on-mobile is-vertically-aligned-top\" style=\"grid-template-columns:28% auto\"><figure class=\"wp-block-media-text__media\"><img loading=\"lazy\" decoding=\"async\" width=\"291\" height=\"373\" src=\"https:\/\/zhalinger.com.br\/wp-content\/uploads\/2023\/07\/01474.png\" alt=\"\" class=\"wp-image-84 size-full\" srcset=\"https:\/\/zhalinger.com.br\/wp-content\/uploads\/2023\/07\/01474.png 291w, https:\/\/zhalinger.com.br\/wp-content\/uploads\/2023\/07\/01474-234x300.png 234w\" sizes=\"(max-width: 291px) 100vw, 291px\" \/><\/figure><div class=\"wp-block-media-text__content\">\n<p><strong><mark style=\"background-color:rgba(0, 0, 0, 0);color:#003c7b\" class=\"has-inline-color\">PENTE DESEMBARA\u00c7ADOR &#8211; REF. 01474<br><\/mark><\/strong><br><mark style=\"background-color:rgba(0, 0, 0, 0);color:#004f7c\" class=\"has-inline-color\">Pente Desembara\u00e7ador \/ T\u00e9rmico <\/mark><\/p>\n\n\n\n<p><mark style=\"background-color:rgba(0, 0, 0, 0);color:#001568\" class=\"has-inline-color\">EAN <\/mark><mark style=\"background-color:rgba(0, 0, 0, 0);color:#034870\" class=\"has-inline-color\">7898421993611<\/mark><mark style=\"background-color:rgba(0, 0, 0, 0);color:#001568\" class=\"has-inline-color\"><br>Lote Padr\u00e3o 72 unidades<\/mark><\/p>\n<\/div><\/div>\n\n\n\n<hr class=\"wp-block-separator has-alpha-channel-opacity is-style-wide\"\/>\n\n\n\n<h2 class=\"wp-block-heading has-text-align-center\"><mark style=\"background-color:rgba(0, 0, 0, 0)\" class=\"has-inline-color has-vivid-cyan-blue-color\">DESCART\u00c1VEIS<\/mark><\/h2>\n\n\n\n<div class=\"wp-block-media-text alignwide is-stacked-on-mobile is-vertically-aligned-top\" style=\"grid-template-columns:32% auto\"><figure class=\"wp-block-media-text__media\"><img loading=\"lazy\" decoding=\"async\" width=\"393\" height=\"321\" src=\"https:\/\/zhalinger.com.br\/wp-content\/uploads\/2023\/07\/110.png\" alt=\"\" class=\"wp-image-87 size-full\" srcset=\"https:\/\/zhalinger.com.br\/wp-content\/uploads\/2023\/07\/110.png 393w, https:\/\/zhalinger.com.br\/wp-content\/uploads\/2023\/07\/110-300x245.png 300w\" sizes=\"(max-width: 393px) 100vw, 393px\" \/><\/figure><div class=\"wp-block-media-text__content\">\n<p><strong><mark style=\"background-color:rgba(0, 0, 0, 0);color:#003c7b\" class=\"has-inline-color\">ENVELOPE AUTOSELANTE &#8211; REF. 1110<br><\/mark><\/strong><br><mark style=\"background-color:rgba(0, 0, 0, 0);color:#005180\" class=\"has-inline-color\">Envelope Autoselante para esteriliza\u00e7\u00e3o em autoclave (200 unidades)<br>Medidas do envelope &#8211; 90x230mm<\/mark><\/p>\n\n\n\n<p><mark style=\"background-color:rgba(0, 0, 0, 0);color:#001568\" class=\"has-inline-color\">Caixa Master 20 unidades<br>Pedido m\u00ednimo 40 unidades<\/mark><\/p>\n<\/div><\/div>\n\n\n\n<hr class=\"wp-block-separator has-alpha-channel-opacity is-style-wide\"\/>\n\n\n\n<div class=\"wp-block-media-text alignwide is-stacked-on-mobile is-vertically-aligned-top\" style=\"grid-template-columns:32% auto\"><figure class=\"wp-block-media-text__media\"><img loading=\"lazy\" decoding=\"async\" width=\"379\" height=\"324\" src=\"https:\/\/zhalinger.com.br\/wp-content\/uploads\/2023\/07\/2000.png\" alt=\"\" class=\"wp-image-88 size-full\" srcset=\"https:\/\/zhalinger.com.br\/wp-content\/uploads\/2023\/07\/2000.png 379w, https:\/\/zhalinger.com.br\/wp-content\/uploads\/2023\/07\/2000-300x256.png 300w\" sizes=\"(max-width: 379px) 100vw, 379px\" \/><\/figure><div class=\"wp-block-media-text__content\">\n<p><strong><mark style=\"background-color:rgba(0, 0, 0, 0);color:#003c7b\" class=\"has-inline-color\">TOALHA EXPANS\u00cdVEL MULTIUSO &#8211; REF. 1110<br><\/mark><\/strong><br><mark style=\"background-color:rgba(0, 0, 0, 0);color:#005180\" class=\"has-inline-color\">Toalha expans\u00edvel multiuso (limpeza, remo\u00e7\u00e3o de maquiagem)<br>100% Biodegrad\u00e1vel &#8211; 220x240mm (40 unidades)<\/mark><\/p>\n\n\n\n<p><mark style=\"background-color:rgba(0, 0, 0, 0);color:#001568\" class=\"has-inline-color\">Caixa Master 72 unidades<br>Pedido m\u00ednimo 72 unidades<\/mark><\/p>\n<\/div><\/div>\n\n\n\n<hr class=\"wp-block-separator has-alpha-channel-opacity is-style-dots\"\/>\n","protected":false},"excerpt":{"rendered":"<p>Produtos produzidos em a\u00e7o inox, sem similar nacional. Esse tipo de pente \u00e9 muito utilizado em pa\u00edses europeus, pois completa o uso de rem\u00e9dios, os quais matam piolhos, mas n\u00e3o as l\u00eandeas. Os seus similares pl\u00e1sticos, apesar do custo mais baixo, n\u00e3o apresentam efici\u00eancia, pois s\u00e3o muito flex\u00edveis (moles) e n\u00e3o eliminam as l\u00eandeas por &hellip; <\/p>\n<p class=\"link-more\"><a href=\"https:\/\/zhalinger.com.br\/?page_id=66\" class=\"more-link\">Read more<span class=\"screen-reader-text\"> &#8220;Linha Farma&#8221;<\/span><\/a><\/p>\n","protected":false},"author":1,"featured_media":0,"parent":0,"menu_order":0,"comment_status":"closed","ping_status":"closed","template":"","meta":{"footnotes":""},"_links":{"self":[{"href":"https:\/\/zhalinger.com.br\/index.php?rest_route=\/wp\/v2\/pages\/66"}],"collection":[{"href":"https:\/\/zhalinger.com.br\/index.php?rest_route=\/wp\/v2\/pages"}],"about":[{"href":"https:\/\/zhalinger.com.br\/index.php?rest_route=\/wp\/v2\/types\/page"}],"author":[{"embeddable":true,"href":"https:\/\/zhalinger.com.br\/index.php?rest_route=\/wp\/v2\/users\/1"}],"replies":[{"embeddable":true,"href":"https:\/\/zhalinger.com.br\/index.php?rest_route=%2Fwp%2Fv2%2Fcomments&post=66"}],"version-history":[{"count":13,"href":"https:\/\/zhalinger.com.br\/index.php?rest_route=\/wp\/v2\/pages\/66\/revisions"}],"predecessor-version":[{"id":135,"href":"https:\/\/zhalinger.com.br\/index.php?rest_route=\/wp\/v2\/pages\/66\/revisions\/135"}],"wp:attachment":[{"href":"https:\/\/zhalinger.com.br\/index.php?rest_route=%2Fwp%2Fv2%2Fmedia&parent=66"}],"curies":[{"name":"wp","href":"https:\/\/api.w.org\/{rel}","templated":true}]}}